{"id":1250,"date":"2020-06-06T19:35:34","date_gmt":"2020-06-06T17:35:34","guid":{"rendered":"https:\/\/www.ramba-zamba-schaumburg.de\/bowl\/?page_id=1250"},"modified":"2023-02-05T19:06:53","modified_gmt":"2023-02-05T18:06:53","slug":"online-reservierung","status":"publish","type":"page","link":"https:\/\/www.ramba-zamba-schaumburg.de\/bowl\/online-reservierung\/","title":{"rendered":"Online-Reservierung"},"content":{"rendered":"<div class=\"wpb-content-wrapper\"><p>[vc_row][vc_column][vc_column_text]<\/p>\n<h3>Online-Reservierung<\/h3>\n<p>[\/vc_column_text]<section class=\"shortcode-action-box table shortcode-action-bg plain-bg\"><div class=\"text-big\"><p>Spontan-Reservierungen\/ Buchungen <strong>f\u00fcr den gleichen Tag<\/strong>, k\u00f6nnen ohne Best\u00e4tigung nicht ber\u00fccksichtig werden! Dar\u00fcber hinaus gelten Buchungen\/ Reservierungen nach 24 Std. als best\u00e4tigt.<\/p>\n<\/div><\/section>\n<div class=\"wpcf7 no-js\" id=\"wpcf7-f1249-o1\" lang=\"de-DE\" dir=\"ltr\" data-wpcf7-id=\"1249\">\n<div class=\"screen-reader-response\"><p role=\"status\" aria-live=\"polite\" aria-atomic=\"true\"><\/p> <ul><\/ul><\/div>\n<form action=\"\/bowl\/wp-json\/wp\/v2\/pages\/1250#wpcf7-f1249-o1\" method=\"post\" class=\"wpcf7-form init\" aria-label=\"Kontaktformular\" novalidate=\"novalidate\" data-status=\"init\">\n<fieldset class=\"hidden-fields-container\"><input type=\"hidden\" name=\"_wpcf7\" value=\"1249\" \/><input type=\"hidden\" name=\"_wpcf7_version\" value=\"6.1.5\" \/><input type=\"hidden\" name=\"_wpcf7_locale\" value=\"de_DE\" \/><input type=\"hidden\" name=\"_wpcf7_unit_tag\" value=\"wpcf7-f1249-o1\" \/><input type=\"hidden\" name=\"_wpcf7_container_post\" value=\"0\" \/><input type=\"hidden\" name=\"_wpcf7_posted_data_hash\" value=\"\" \/>\n<\/fieldset>\n<p><label><br \/>\nAnrede* <span class=\"wpcf7-form-control-wrap\" data-name=\"anrede\"><select class=\"wpcf7-form-control wpcf7-select wpcf7-validates-as-required\" aria-required=\"true\" aria-invalid=\"false\" name=\"anrede\"><option value=\"\">&#8211; Bitte ausw\u00e4hlen &#8211;<\/option><option value=\"Frau\">Frau<\/option><option value=\"Herr\">Herr<\/option><option value=\"keine Angabe\">keine Angabe<\/option><\/select><\/span> <\/label>\n<\/p>\n<div class=\"frm_left\">\n\t<p><label><br \/>\nName* <span class=\"wpcf7-form-control-wrap\" data-name=\"Name\"><input size=\"40\" maxlength=\"400\" class=\"wpcf7-form-control wpcf7-text wpcf7-validates-as-required\" aria-required=\"true\" aria-invalid=\"false\" value=\"\" type=\"text\" name=\"Name\" \/><\/span> <\/label>\n\t<\/p>\n<\/div>\n<div class=\"frm_right\">\n\t<p><label><br \/>\nVorname <span class=\"wpcf7-form-control-wrap\" data-name=\"Vorname\"><input size=\"40\" maxlength=\"400\" class=\"wpcf7-form-control wpcf7-text\" aria-invalid=\"false\" value=\"\" type=\"text\" name=\"Vorname\" \/><\/span> <\/label>\n\t<\/p>\n<\/div>\n<div class=\"frm_left\">\n\t<p><label> Datum der Reservierung zum Bowlen*<br \/>\n<span class=\"wpcf7-form-control-wrap\" data-name=\"date-751\"><input class=\"wpcf7-form-control wpcf7-date wpcf7-validates-as-required wpcf7-validates-as-date\" aria-required=\"true\" aria-invalid=\"false\" value=\"\" type=\"date\" name=\"date-751\" \/><\/span> <\/label>\n\t<\/p>\n<\/div>\n<div class=\"frm_right\">\n\t<p><label>Gew\u00fcnschte Uhrzeit*<br \/>\n<span class=\"wpcf7-form-control-wrap\" data-name=\"uhrzeit\"><input size=\"40\" maxlength=\"400\" class=\"wpcf7-form-control wpcf7-text wpcf7-validates-as-required walcf7-timepicker\" aria-required=\"true\" aria-invalid=\"false\" placeholder=\"Uhrzeit\" value=\"\" type=\"text\" name=\"uhrzeit\" \/><\/span><\/label>\n\t<\/p>\n<\/div>\n<div class=\"frm_left\">\n\t<p><label>Stunden*<br \/>\n<span class=\"wpcf7-form-control-wrap\" data-name=\"anzahl-stunden\"><input class=\"wpcf7-form-control wpcf7-number wpcf7-validates-as-required wpcf7-validates-as-number\" aria-required=\"true\" aria-invalid=\"false\" placeholder=\"Anzahl der Stunden\" value=\"\" type=\"number\" name=\"anzahl-stunden\" \/><\/span> <\/label>\n\t<\/p>\n<\/div>\n<div class=\"frm_right\">\n\t<p><label>gew\u00fcnschte Anzahl der Bahnen*<br \/>\n<span class=\"wpcf7-form-control-wrap\" data-name=\"anzahl-bahnen\"><input class=\"wpcf7-form-control wpcf7-number wpcf7-validates-as-required wpcf7-validates-as-number\" aria-required=\"true\" aria-invalid=\"false\" placeholder=\"Anzahl der Bahnen\" value=\"\" type=\"number\" name=\"anzahl-bahnen\" \/><\/span> <\/label>\n\t<\/p>\n<\/div>\n<p><label>Personen insgesamt<br \/>\n<span class=\"wpcf7-form-control-wrap\" data-name=\"anzahl-personen-spiele\"><input class=\"wpcf7-form-control wpcf7-number wpcf7-validates-as-number\" aria-invalid=\"false\" placeholder=\"Anzahl der Personen insgesamt\" value=\"\" type=\"number\" name=\"anzahl-personen-spiele\" \/><\/span> <\/label>\n<\/p>\n<p><label><br \/>\n<span class=\"wpcf7-form-control-wrap\" data-name=\"anzahl-personen-haushalte\"><input class=\"wpcf7-form-control wpcf7-number wpcf7-validates-as-number\" aria-invalid=\"false\" placeholder=\"Anzahl der einzelnen Haushalte\" value=\"\" type=\"number\" name=\"anzahl-personen-haushalte\" \/><\/span> <\/label>\n<\/p>\n<p><label><br \/>\nM\u00f6chten Sie zus\u00e4tzlich einen Tischplatz buchen?<br \/>\n<span class=\"wpcf7-form-control-wrap\" data-name=\"tischplatz\"><select class=\"wpcf7-form-control wpcf7-select wpcf7-validates-as-required\" aria-required=\"true\" aria-invalid=\"false\" name=\"tischplatz\"><option value=\"\">&#8211; Bitte ausw\u00e4hlen &#8211;<\/option><option value=\"JA\">JA<\/option><option value=\"NEIN\">NEIN<\/option><\/select><\/span> <\/label>\n<\/p>\n<p><label><br \/>\n<span class=\"wpcf7-form-control-wrap\" data-name=\"anzahl-personen\"><input class=\"wpcf7-form-control wpcf7-number wpcf7-validates-as-number\" aria-invalid=\"false\" placeholder=\"Anzahl der Personen Tischplatz\" value=\"\" type=\"number\" name=\"anzahl-personen\" \/><\/span> <\/label>\n<\/p>\n<p><label> E-Mail-Adresse*<br \/>\n<span class=\"wpcf7-form-control-wrap\" data-name=\"email\"><input size=\"40\" maxlength=\"400\" class=\"wpcf7-form-control wpcf7-email wpcf7-validates-as-required wpcf7-text wpcf7-validates-as-email\" aria-required=\"true\" aria-invalid=\"false\" value=\"\" type=\"email\" name=\"email\" \/><\/span> <\/label>\n<\/p>\n<p><label> Telefon-Nr.*<br \/>\n<span class=\"wpcf7-form-control-wrap\" data-name=\"telefon\"><input size=\"40\" maxlength=\"400\" class=\"wpcf7-form-control wpcf7-tel wpcf7-validates-as-required wpcf7-text wpcf7-validates-as-tel\" aria-required=\"true\" aria-invalid=\"false\" value=\"\" type=\"tel\" name=\"telefon\" \/><\/span><\/label>\n<\/p>\n<div class=\"frm_left\">\n\t<p><label> Strasse*<br \/>\n<span class=\"wpcf7-form-control-wrap\" data-name=\"strasse\"><input size=\"40\" maxlength=\"400\" class=\"wpcf7-form-control wpcf7-text wpcf7-validates-as-required\" aria-required=\"true\" aria-invalid=\"false\" value=\"\" type=\"text\" name=\"strasse\" \/><\/span><\/label>\n\t<\/p>\n<\/div>\n<div class=\"frm_right\">\n\t<p><label> Haus-Nr.*<br \/>\n<span class=\"wpcf7-form-control-wrap\" data-name=\"hausnr\"><input size=\"40\" maxlength=\"400\" class=\"wpcf7-form-control wpcf7-text wpcf7-validates-as-required\" aria-required=\"true\" aria-invalid=\"false\" value=\"\" type=\"text\" name=\"hausnr\" \/><\/span><\/label>\n\t<\/p>\n<\/div>\n<div class=\"frm_left\">\n\t<p><label> PLZ*<br \/>\n<span class=\"wpcf7-form-control-wrap\" data-name=\"plz\"><input size=\"40\" maxlength=\"400\" class=\"wpcf7-form-control wpcf7-text wpcf7-validates-as-required\" aria-required=\"true\" aria-invalid=\"false\" value=\"\" type=\"text\" name=\"plz\" \/><\/span><\/label>\n\t<\/p>\n<\/div>\n<div class=\"frm_right\">\n\t<p><label> Ort*<br \/>\n<span class=\"wpcf7-form-control-wrap\" data-name=\"ort\"><input size=\"40\" maxlength=\"400\" class=\"wpcf7-form-control wpcf7-text wpcf7-validates-as-required\" aria-required=\"true\" aria-invalid=\"false\" value=\"\" type=\"text\" name=\"ort\" \/><\/span><\/label>\n\t<\/p>\n<\/div>\n<p><label> Nachricht\/ Sonstiges<br \/>\n<span class=\"wpcf7-form-control-wrap\" data-name=\"message\"><textarea cols=\"40\" rows=\"10\" maxlength=\"2000\" class=\"wpcf7-form-control wpcf7-textarea\" aria-invalid=\"false\" name=\"message\"><\/textarea><\/span> <\/label>\n<\/p>\n<p><label><br \/>\n<span class=\"wpcf7-form-control-wrap\" data-name=\"acceptance-561\"><span class=\"wpcf7-form-control wpcf7-acceptance\"><span class=\"wpcf7-list-item\"><label><input type=\"checkbox\" name=\"acceptance-561\" value=\"1\" aria-invalid=\"false\" \/><span class=\"wpcf7-list-item-label\">Ich habe die Informationen zum <a href=\"https:\/\/www.ramba-zamba-schaumburg.de\/datenschutz\" target=\"_blank\">Datenschutz<\/a> gelesen und bin damit einverstanden. *<\/span><\/label><\/span><\/span><\/span><\/label>\n<\/p>\n<div style=\"border:3px solid #EF6B09;padding:10px;margin-bottom:20px !important;\">\n\t<p><i> * Mit Anerkennung der Datenschutzbestimmungen ist Ihre Buchung verbindlich. Nach Eingang Ihrer Buchung erfolgt zeitnah eine Best\u00e4tigung per Email. Bitte geben Sie uns daf\u00fcr maximal 24 Stunden Zeit. <\/i>\n\t<\/p>\n<\/div>\n<p><input class=\"wpcf7-form-control wpcf7-submit has-spinner\" type=\"submit\" value=\"Senden\" \/>\n<\/p><input type=\"hidden\" id=\"ct_checkjs_cf7_35f4a8d465e6e1edc05f3d8ab658c551\" name=\"ct_checkjs_cf7\" value=\"0\" \/><script >setTimeout(function(){var ct_input_name = \"ct_checkjs_cf7_35f4a8d465e6e1edc05f3d8ab658c551\";if (document.getElementById(ct_input_name) !== null) {var ct_input_value = document.getElementById(ct_input_name).value;document.getElementById(ct_input_name).value = document.getElementById(ct_input_name).value.replace(ct_input_value, '436ad0d22a62b723e45a007c00785b17fb4c4d082569b6264686e2b44831578c');}}, 1000);<\/script><input\n                    class=\"apbct_special_field apbct_email_id__wp_contact_form_7\"\n                    name=\"apbct__email_id__wp_contact_form_7\"\n                    aria-label=\"apbct__label_id__wp_contact_form_7\"\n                    type=\"text\" size=\"30\" maxlength=\"200\" autocomplete=\"off\"\n                    value=\"\"\n                \/><input type='hidden' class='wpcf7-pum' value='{\"closepopup\":false,\"closedelay\":0,\"openpopup\":false,\"openpopup_id\":0}' \/><div class=\"wpcf7-response-output\" aria-hidden=\"true\"><\/div>\n<\/form>\n<\/div>\n[\/vc_column][\/vc_row]<\/p>\n<\/div>","protected":false},"excerpt":{"rendered":"<p>[vc_row][vc_column][vc_column_text] Online-Reservierung [\/vc_column_text][\/vc_column][\/vc_row]<\/p>\n","protected":false},"author":1,"featured_media":0,"parent":0,"menu_order":0,"comment_status":"closed","ping_status":"closed","template":"","meta":{"footnotes":""},"categories":[],"tags":[],"class_list":["post-1250","page","type-page","status-publish","hentry","description-off"],"_links":{"self":[{"href":"https:\/\/www.ramba-zamba-schaumburg.de\/bowl\/wp-json\/wp\/v2\/pages\/1250","targetHints":{"allow":["GET"]}}],"collection":[{"href":"https:\/\/www.ramba-zamba-schaumburg.de\/bowl\/wp-json\/wp\/v2\/pages"}],"about":[{"href":"https:\/\/www.ramba-zamba-schaumburg.de\/bowl\/wp-json\/wp\/v2\/types\/page"}],"author":[{"embeddable":true,"href":"https:\/\/www.ramba-zamba-schaumburg.de\/bowl\/wp-json\/wp\/v2\/users\/1"}],"replies":[{"embeddable":true,"href":"https:\/\/www.ramba-zamba-schaumburg.de\/bowl\/wp-json\/wp\/v2\/comments?post=1250"}],"version-history":[{"count":0,"href":"https:\/\/www.ramba-zamba-schaumburg.de\/bowl\/wp-json\/wp\/v2\/pages\/1250\/revisions"}],"wp:attachment":[{"href":"https:\/\/www.ramba-zamba-schaumburg.de\/bowl\/wp-json\/wp\/v2\/media?parent=1250"}],"wp:term":[{"taxonomy":"category","embeddable":true,"href":"https:\/\/www.ramba-zamba-schaumburg.de\/bowl\/wp-json\/wp\/v2\/categories?post=1250"},{"taxonomy":"post_tag","embeddable":true,"href":"https:\/\/www.ramba-zamba-schaumburg.de\/bowl\/wp-json\/wp\/v2\/tags?post=1250"}],"curies":[{"name":"wp","href":"https:\/\/api.w.org\/{rel}","templated":true}]}}