{"id":2,"date":"2016-10-31T16:32:26","date_gmt":"2016-10-31T15:32:26","guid":{"rendered":"https:\/\/www.ramba-zamba-schaumburg.de\/kids\/?page_id=2"},"modified":"2025-03-03T17:09:26","modified_gmt":"2025-03-03T16:09:26","slug":"kindergeburtstag","status":"publish","type":"page","link":"https:\/\/www.ramba-zamba-schaumburg.de\/kids\/kindergeburtstag\/","title":{"rendered":"Kindergeburtstag"},"content":{"rendered":"<div class=\"wpb-content-wrapper\"><p>[vc_row type=&#8220;vc_default&#8220; full_width_row=&#8220;true&#8220; padding_left=&#8220;30px&#8220; padding_right=&#8220;30px&#8220;][vc_column]<div id=\"ultimate-heading-722269e4eaff47994\" class=\"uvc-heading ult-adjust-bottom-margin ultimate-heading-722269e4eaff47994 uvc-5030 \" data-hspacer=\"line_only\"  data-halign=\"left\" style=\"text-align:left\"><div class=\"uvc-main-heading ult-responsive\"  data-ultimate-target='.uvc-heading.ultimate-heading-722269e4eaff47994 h2'  data-responsive-json-new='{\"font-size\":\"desktop:28px;\",\"line-height\":\"desktop:38px;\"}' ><h2 style=\"font-weight:bold;margin-bottom:15px;\">Kindergeburtstag<\/h2><\/div><div class=\"uvc-heading-spacer line_only\" style=\"margin-top:10px;margin-bottom:10px;height:2px;\"><span class=\"uvc-headings-line\" style=\"border-style:solid;border-bottom-width:2px;border-color:#ccc;width:80px;\"><\/span><\/div><div class=\"uvc-sub-heading ult-responsive\"  data-ultimate-target='.uvc-heading.ultimate-heading-722269e4eaff47994 .uvc-sub-heading '  data-responsive-json-new='{\"font-size\":\"desktop:16px;\",\"line-height\":\"desktop:26px;\"}'  style=\"font-weight:normal;color:#1d5629;margin-bottom:25px;\"><em>&#8230; Happy Birthday to you &#8230;<\/em><\/div><\/div>[vc_column_text]Geburtstag hast Du nur einmal im Jahr. Im Ramba Zamba Schaumburg macht Geburtstag feiern richtig Spa\u00df &#8211; unbegrenztes Spielvergn\u00fcgen und super Stimmung ist garantiert!<\/p>\n<p>Mit all deinen Freunden kannst Du toben, klettern, rutschen, essen und trinken und deine Eltern sind entspannt dabei. Dein Geburtstagstisch ist bunt dekoriert, es gibt S\u00fcsses zu naschen, du suchst dir ein 0,4l Getr\u00e4nk und wahlweise ein Geburtstagsmen\u00fc aus. Alle deine Freunde und auch du erhalten eine kleine S\u00fcssigkeitenbox, zus\u00e4tzlich bekommst du ein tolles Ramba Zamba Schaumburg-Geburtstagsgeschenk. Deinen Geburtstagskuchen darfst du nat\u00fcrlich gern mitbringen.[\/vc_column_text]<div class=\"ult-spacer spacer-69e4eaff47a0f\" data-id=\"69e4eaff47a0f\" data-height=\"15\" data-height-mobile=\"15\" data-height-tab=\"15\" data-height-tab-portrait=\"\" data-height-mobile-landscape=\"\" style=\"clear:both;display:block;\"><\/div>[\/vc_column][\/vc_row][vc_row][vc_column]<div id=\"ultimate-heading-367269e4eaff47a3f\" class=\"uvc-heading ult-adjust-bottom-margin ultimate-heading-367269e4eaff47a3f uvc-8463  uvc-heading-default-font-sizes\" data-hspacer=\"no_spacer\"  data-halign=\"left\" style=\"text-align:left\"><div class=\"uvc-heading-spacer no_spacer\" style=\"top\"><\/div><div class=\"uvc-main-heading ult-responsive\"  data-ultimate-target='.uvc-heading.ultimate-heading-367269e4eaff47a3f h3'  data-responsive-json-new='{\"font-size\":\"\",\"line-height\":\"\"}' ><h3 style=\"--font-weight:theme;margin-bottom:15px;\">Unsere Pakete<\/h3><\/div><\/div>[vc_row_inner equal_height=&#8220;yes&#8220;][vc_column_inner width=&#8220;1\/3&#8243;]<div id=\"ultimate-heading-61769e4eaff47ab5\" class=\"uvc-heading ult-adjust-bottom-margin ultimate-heading-61769e4eaff47ab5 uvc-2840  uvc-heading-default-font-sizes\" data-hspacer=\"no_spacer\"  data-halign=\"left\" style=\"text-align:left\"><div class=\"uvc-heading-spacer no_spacer\" style=\"top\"><\/div><div class=\"uvc-main-heading ult-responsive\"  data-ultimate-target='.uvc-heading.ultimate-heading-61769e4eaff47ab5 h3'  data-responsive-json-new='{\"font-size\":\"\",\"line-height\":\"\"}' ><h3 style=\"--font-weight:theme;margin-bottom:15px;\">SMALL<\/h3><\/div><\/div><section class=\"shortcode-action-box table shortcode-action-bg plain-bg\"><div class=\"text-big\"><p><a href=\"#auswahl\" class=\"btn-shortcode dt-btn-m dt-btn default-btn-color default-btn-hover-color default-btn-bg-color default-btn-bg-hover-color fadeIn animate-element animation-builder\" id=\"dt-btn-1\"><i class=\"fa icon-star\"><\/i><span>Pro Kind 13,50 EUR<\/span><\/a><br \/>\n<strong>Basisleistungen<\/strong><\/p>\n<ul>\n<li>Kindereintritt f\u00fcr den ganzen Tag<\/li>\n<li>F\u00fcr bis zu 3 Erwachsene ist der Eintritt frei<\/li>\n<li>\u00dcberraschungsgeschenk f\u00fcr das <strong>Geburtstagskind<\/strong><\/li>\n<li>Bunt dekorierter Geburtstagstisch<\/li>\n<li>Geburtstagsthron (nach Verf\u00fcgbarkeit)<\/li>\n<\/ul>\n<p><strong>Extras (pro Kind)<\/strong><\/p>\n<ul>\n<li>1x 0,4l Mineralwasser oder Apfelschorle<\/li>\n<\/ul>\n<\/div><\/section><div class=\"ult-spacer spacer-69e4eaff47e43\" data-id=\"69e4eaff47e43\" data-height=\"15\" data-height-mobile=\"15\" data-height-tab=\"15\" data-height-tab-portrait=\"\" data-height-mobile-landscape=\"\" style=\"clear:both;display:block;\"><\/div>[\/vc_column_inner][vc_column_inner width=&#8220;1\/3&#8243;]<div id=\"ultimate-heading-765869e4eaff47e79\" class=\"uvc-heading ult-adjust-bottom-margin ultimate-heading-765869e4eaff47e79 uvc-3814  uvc-heading-default-font-sizes\" data-hspacer=\"no_spacer\"  data-halign=\"left\" style=\"text-align:left\"><div class=\"uvc-heading-spacer no_spacer\" style=\"top\"><\/div><div class=\"uvc-main-heading ult-responsive\"  data-ultimate-target='.uvc-heading.ultimate-heading-765869e4eaff47e79 h3'  data-responsive-json-new='{\"font-size\":\"\",\"line-height\":\"\"}' ><h3 style=\"--font-weight:theme;margin-bottom:15px;\">MEDIUM (inkl. Essen)<\/h3><\/div><\/div><section class=\"shortcode-action-box table shortcode-action-bg plain-bg\"><div class=\"text-big\"><p><a href=\"#auswahl\" class=\"btn-shortcode dt-btn-m dt-btn default-btn-color default-btn-hover-color default-btn-bg-color default-btn-bg-hover-color fadeIn animate-element animation-builder\" id=\"dt-btn-2\"><i class=\"fa icon-star\"><\/i><span>Pro Kind 21,50 EUR<\/span><\/a><br \/>\n<strong>Basisleistungen<\/strong><\/p>\n<ul>\n<li>Kindereintritt f\u00fcr den ganzen Tag<\/li>\n<li>F\u00fcr bis zu 3 Erwachsene ist der Eintritt frei<\/li>\n<li>\u00dcberraschungsgeschenk f\u00fcr das <strong>Geburtstagskind<\/strong><\/li>\n<li>Bunt dekorierter Geburtstagstisch<\/li>\n<li>Geburtstagsthron (nach Verf\u00fcgbarkeit)<\/li>\n<\/ul>\n<p><strong>Extras (pro Kind)<\/strong><\/p>\n<ul>\n<li>1x 0,4l Mineralwasser oder Apfelschorle<\/li>\n<li>1x Fahrchip f\u00fcr die Karts<\/li>\n<li>1x S\u00fc\u00dfigkeitenbox (5 Teile inkl. Lutscher)<\/li>\n<\/ul>\n<\/div><\/section><div class=\"ult-spacer spacer-69e4eaff47fc7\" data-id=\"69e4eaff47fc7\" data-height=\"15\" data-height-mobile=\"15\" data-height-tab=\"15\" data-height-tab-portrait=\"\" data-height-mobile-landscape=\"\" style=\"clear:both;display:block;\"><\/div>[\/vc_column_inner][vc_column_inner width=&#8220;1\/3&#8243;]<div id=\"ultimate-heading-174569e4eaff47ff2\" class=\"uvc-heading ult-adjust-bottom-margin ultimate-heading-174569e4eaff47ff2 uvc-3071  uvc-heading-default-font-sizes\" data-hspacer=\"no_spacer\"  data-halign=\"left\" style=\"text-align:left\"><div class=\"uvc-heading-spacer no_spacer\" style=\"top\"><\/div><div class=\"uvc-main-heading ult-responsive\"  data-ultimate-target='.uvc-heading.ultimate-heading-174569e4eaff47ff2 h3'  data-responsive-json-new='{\"font-size\":\"\",\"line-height\":\"\"}' ><h3 style=\"--font-weight:theme;margin-bottom:15px;\">XXL (inkl. Essen)<\/h3><\/div><\/div><section class=\"shortcode-action-box table shortcode-action-bg plain-bg\"><div class=\"text-big\"><p><a href=\"#auswahl\" class=\"btn-shortcode dt-btn-m dt-btn default-btn-color default-btn-hover-color default-btn-bg-color default-btn-bg-hover-color fadeIn animate-element animation-builder\" id=\"dt-btn-3\"><i class=\"fa icon-star\"><\/i><span>Pro Kind 30,50 EUR<\/span><\/a><br \/>\n<strong>Basisleistungen<\/strong><\/p>\n<ul>\n<li>Kindereintritt f\u00fcr den ganzen Tag<\/li>\n<li>F\u00fcr bis zu 3 Erwachsene ist der Eintritt frei<\/li>\n<li>\u00dcberraschungsgeschenk f\u00fcr das <strong>Geburtstagskind<\/strong><\/li>\n<li>Bunt dekorierter Geburtstagstisch<\/li>\n<li>Geburtstagsthron (nach Verf\u00fcgbarkeit)<\/li>\n<\/ul>\n<p><strong>Extras (pro Kind)<\/strong><\/p>\n<ul>\n<li>Flat f\u00fcr Mineralwasser oder Apfelschorle<\/li>\n<li>5x Fahrchips f\u00fcr die Karts<\/li>\n<li>1x S\u00fc\u00dfigkeitenbox (5 Teile inkl. Lutscher)<\/li>\n<li>1x Eintrittsgutschein \/Geburtstagskind<\/li>\n<li>1x 0,2l Slush<\/li>\n<li>1 kl. Kaffee oder Tee \/ pro Begleitperson (max. 3)<\/li>\n<\/ul>\n<\/div><\/section>[\/vc_column_inner][\/vc_row_inner][\/vc_column][\/vc_row][vc_row type=&#8220;vc_default&#8220;][vc_column]<div class=\"ult-spacer spacer-69e4eaff48123\" data-id=\"69e4eaff48123\" data-height=\"32\" data-height-mobile=\"32\" data-height-tab=\"32\" data-height-tab-portrait=\"\" data-height-mobile-landscape=\"\" style=\"clear:both;display:block;\"><\/div><div class=\"hr-thin style-line\" style=\"width: 100%;border-top-width: 1px;\"><\/div><div class=\"ult-spacer spacer-69e4eaff48172\" data-id=\"69e4eaff48172\" data-height=\"32\" data-height-mobile=\"32\" data-height-tab=\"32\" data-height-tab-portrait=\"\" data-height-mobile-landscape=\"\" style=\"clear:both;display:block;\"><\/div>[vc_row_inner el_id=&#8220;auswahl&#8220;][vc_column_inner width=&#8220;1\/2&#8243;]<style type=\"text\/css\" data-type=\"the7_shortcodes-inline-css\">#default-btn-ccd2b2e8591bcd17ac4fc0ce97ee7941.ico-right-side > i {\n  margin-right: 0px;\n  margin-left: 8px;\n}\n#default-btn-ccd2b2e8591bcd17ac4fc0ce97ee7941 > i {\n  margin-right: 8px;\n}<\/style><div class=\"btn-align-center\"><a href=\"https:\/\/www.ramba-zamba-schaumburg.de\/kids\/online-buchung-kindergeburtstag\/\" class=\"default-btn-shortcode dt-btn dt-btn-l link-hover-off full-width-btn \" id=\"default-btn-ccd2b2e8591bcd17ac4fc0ce97ee7941\" title=\"Online-Buchung Kindergeburtstag\"><i class=\"Defaults-ticket\"><\/i><span>ONLINE-Reservierung (Formular)<\/span><\/a><\/div><div class=\"ult-spacer spacer-69e4eaff48304\" data-id=\"69e4eaff48304\" data-height=\"32\" data-height-mobile=\"32\" data-height-tab=\"32\" data-height-tab-portrait=\"\" data-height-mobile-landscape=\"\" style=\"clear:both;display:block;\"><\/div>[\/vc_column_inner][vc_column_inner width=&#8220;1\/2&#8243;][\/vc_column_inner][\/vc_row_inner]<div class=\"ult-spacer spacer-69e4eaff4831a\" data-id=\"69e4eaff4831a\" data-height=\"32\" data-height-mobile=\"32\" data-height-tab=\"32\" data-height-tab-portrait=\"\" data-height-mobile-landscape=\"\" style=\"clear:both;display:block;\"><\/div><section class=\"shortcode-action-box table shortcode-action-bg plain-bg fadeInLeft animate-element\"><div class=\"text-big\"><p>Buchen Sie Ihren Kindergeburtstag mit <strong>mind. 24 Stunden Vorlaufzeit!<\/strong><\/p>\n<p>Sollten Sie innerhalb der n\u00e4chsten 24 Stunden keine Nachricht unsererseits erhalten, gilt Ihre Buchung als verbindlich!<\/p>\n<p><strong>F\u00fcr R\u00fcckfragen erreichen Sie uns unter<\/strong><br \/>\n<a href=\"tel:+49572284707\">05722 \u2013 84707<\/a><\/p>\n<\/div><\/section>[\/vc_column][\/vc_row]<\/p>\n<\/div>","protected":false},"excerpt":{"rendered":"<p>[vc_row type=&#8220;vc_default&#8220; full_width_row=&#8220;true&#8220; padding_left=&#8220;30px&#8220; padding_right=&#8220;30px&#8220;][vc_column][vc_column_text]Geburtstag hast Du nur einmal im Jahr. Im Ramba Zamba Schaumburg macht Geburtstag feiern richtig Spa\u00df &#8211; unbegrenztes Spielvergn\u00fcgen und super Stimmung ist garantiert! Mit all&hellip;<\/p>\n","protected":false},"author":1,"featured_media":747,"parent":0,"menu_order":0,"comment_status":"closed","ping_status":"closed","template":"","meta":{"footnotes":""},"categories":[1,25],"tags":[],"class_list":["post-2","page","type-page","status-publish","has-post-thumbnail","hentry","category-allgemein","category-teaser","description-off"],"_links":{"self":[{"href":"https:\/\/www.ramba-zamba-schaumburg.de\/kids\/wp-json\/wp\/v2\/pages\/2","targetHints":{"allow":["GET"]}}],"collection":[{"href":"https:\/\/www.ramba-zamba-schaumburg.de\/kids\/wp-json\/wp\/v2\/pages"}],"about":[{"href":"https:\/\/www.ramba-zamba-schaumburg.de\/kids\/wp-json\/wp\/v2\/types\/page"}],"author":[{"embeddable":true,"href":"https:\/\/www.ramba-zamba-schaumburg.de\/kids\/wp-json\/wp\/v2\/users\/1"}],"replies":[{"embeddable":true,"href":"https:\/\/www.ramba-zamba-schaumburg.de\/kids\/wp-json\/wp\/v2\/comments?post=2"}],"version-history":[{"count":3,"href":"https:\/\/www.ramba-zamba-schaumburg.de\/kids\/wp-json\/wp\/v2\/pages\/2\/revisions"}],"predecessor-version":[{"id":1496,"href":"https:\/\/www.ramba-zamba-schaumburg.de\/kids\/wp-json\/wp\/v2\/pages\/2\/revisions\/1496"}],"wp:featuredmedia":[{"embeddable":true,"href":"https:\/\/www.ramba-zamba-schaumburg.de\/kids\/wp-json\/wp\/v2\/media\/747"}],"wp:attachment":[{"href":"https:\/\/www.ramba-zamba-schaumburg.de\/kids\/wp-json\/wp\/v2\/media?parent=2"}],"wp:term":[{"taxonomy":"category","embeddable":true,"href":"https:\/\/www.ramba-zamba-schaumburg.de\/kids\/wp-json\/wp\/v2\/categories?post=2"},{"taxonomy":"post_tag","embeddable":true,"href":"https:\/\/www.ramba-zamba-schaumburg.de\/kids\/wp-json\/wp\/v2\/tags?post=2"}],"curies":[{"name":"wp","href":"https:\/\/api.w.org\/{rel}","templated":true}]}}