{"id":60,"date":"2016-06-07T23:08:33","date_gmt":"2016-06-07T21:08:33","guid":{"rendered":"http:\/\/the7.dream-demo.com\/demo\/psy\/?page_id=60"},"modified":"2023-09-14T18:14:30","modified_gmt":"2023-09-14T16:14:30","slug":"preise","status":"publish","type":"page","link":"https:\/\/www.ramba-zamba-schaumburg.de\/kids\/preise\/","title":{"rendered":"Preise"},"content":{"rendered":"<div class=\"wpb-content-wrapper\"><p>[vc_row][vc_column][vc_column_text]<\/p>\n<table>\n<tbody>\n<tr>\n<td>Kinder unter 2 Jahre<\/td>\n<td><strong>Eintritt frei<\/strong><\/td>\n<\/tr>\n<tr>\n<td>Kinder ab 2 Jahren<\/td>\n<td>11,00 EUR<\/td>\n<\/tr>\n<tr>\n<td>Kinder mit Schwerbehindertenausweis:<\/td>\n<td>6,00 EUR<\/td>\n<\/tr>\n<tr>\n<td>pro Erwachsener (ab 18 Jahre)<\/td>\n<td>6,00 EUR<\/td>\n<\/tr>\n<tr>\n<td>ab 18 Jahre mit Schwerbehindertenausweis:<\/td>\n<td>4,00 EUR<\/td>\n<\/tr>\n<tr>\n<td><a href=\"https:\/\/www.ramba-zamba-schaumburg.de\/kids\/kindergeburtstag\/\" class=\"btn-shortcode dt-btn-m btn-link title-btn-color accent-btn-hover-color default-btn-bg-color default-btn-bg-hover-color fadeIn animate-element animation-builder\" id=\"dt-btn-1\"><i class=\"fa icon-info-circled\"><\/i><span>Kindergeburtstag<\/span><\/a><\/td>\n<td>ab 13,50 EUR \/ Kind &#8211; <a href=\"https:\/\/www.ramba-zamba-schaumburg.de\/kids\/kindergeburtstag\/\" rel=\"noopener\">Info: Geburtstags-Pakete<\/a><\/td>\n<\/tr>\n<\/tbody>\n<\/table>\n<p>[\/vc_column_text]<style type=\"text\/css\" data-type=\"the7_shortcodes-inline-css\">#default-btn-e4fedcd0575980c140d8b0ce5d8c7944.ico-right-side > i {\n  margin-right: 0px;\n  margin-left: 8px;\n}\n#default-btn-e4fedcd0575980c140d8b0ce5d8c7944 > i {\n  margin-right: 8px;\n}<\/style><div class=\"btn-align-center\"><a href=\"https:\/\/www.ramba-zamba-schaumburg.de\/wp-content\/uploads\/speisekarte\/\" class=\"default-btn-shortcode dt-btn dt-btn-m link-hover-off \" target=\"_blank\" id=\"default-btn-e4fedcd0575980c140d8b0ce5d8c7944\" rel=\"noopener\"><i class=\"fas fa-info-circle\"><\/i><span>Speisekarte (durchbl\u00e4ttern)<\/span><\/a><\/div><div class=\"ult-spacer spacer-6a09a955df383\" data-id=\"6a09a955df383\" data-height=\"25\" data-height-mobile=\"25\" data-height-tab=\"25\" data-height-tab-portrait=\"\" data-height-mobile-landscape=\"\" style=\"clear:both;display:block;\"><\/div>[vc_row_inner][vc_column_inner width=&#8220;1\/3&#8243;][vc_single_image image=&#8220;1420&#8243; img_size=&#8220;full&#8220; alignment=&#8220;center&#8220; onclick=&#8220;link_image&#8220; image_hovers=&#8220;false&#8220;][\/vc_column_inner][vc_column_inner width=&#8220;2\/3&#8243;]<section class=\"shortcode-action-box table shortcode-action-bg plain-bg\"><div class=\"\"><p><strong>HINWEIS<\/strong><br \/>\nBitte bringen Sie Ihren Kindern aus hygienischen Gr\u00fcnden Socken od. Rutschesocken mit!<br \/>\n<strong>Der Verzehr von mitgebrachten Speisen und Getr\u00e4nken ist nicht gestattet!<\/strong><\/p>\n<p>Bitte haben Sie Verst\u00e4ndnis daf\u00fcr, dass <strong>Minderj\u00e4hrige nur in Begleitung<\/strong> von Erwachsenen unsere Indoorwelt besuchen d\u00fcrfen!<\/p>\n<\/div><\/section>[\/vc_column_inner][\/vc_row_inner][\/vc_column][\/vc_row]<\/p>\n<\/div>","protected":false},"excerpt":{"rendered":"<p>[vc_row][vc_column][vc_column_text] Kinder unter 2 Jahre Eintritt frei Kinder ab 2 Jahren 11,00 EUR Kinder mit Schwerbehindertenausweis: 6,00 EUR pro Erwachsener (ab 18 Jahre) 6,00 EUR ab 18 Jahre mit Schwerbehindertenausweis:&hellip;<\/p>\n","protected":false},"author":1,"featured_media":970,"parent":0,"menu_order":0,"comment_status":"closed","ping_status":"closed","template":"","meta":{"footnotes":""},"categories":[1,25],"tags":[],"class_list":["post-60","page","type-page","status-publish","has-post-thumbnail","hentry","category-allgemein","category-teaser","description-off"],"_links":{"self":[{"href":"https:\/\/www.ramba-zamba-schaumburg.de\/kids\/wp-json\/wp\/v2\/pages\/60","targetHints":{"allow":["GET"]}}],"collection":[{"href":"https:\/\/www.ramba-zamba-schaumburg.de\/kids\/wp-json\/wp\/v2\/pages"}],"about":[{"href":"https:\/\/www.ramba-zamba-schaumburg.de\/kids\/wp-json\/wp\/v2\/types\/page"}],"author":[{"embeddable":true,"href":"https:\/\/www.ramba-zamba-schaumburg.de\/kids\/wp-json\/wp\/v2\/users\/1"}],"replies":[{"embeddable":true,"href":"https:\/\/www.ramba-zamba-schaumburg.de\/kids\/wp-json\/wp\/v2\/comments?post=60"}],"version-history":[{"count":4,"href":"https:\/\/www.ramba-zamba-schaumburg.de\/kids\/wp-json\/wp\/v2\/pages\/60\/revisions"}],"predecessor-version":[{"id":1424,"href":"https:\/\/www.ramba-zamba-schaumburg.de\/kids\/wp-json\/wp\/v2\/pages\/60\/revisions\/1424"}],"wp:featuredmedia":[{"embeddable":true,"href":"https:\/\/www.ramba-zamba-schaumburg.de\/kids\/wp-json\/wp\/v2\/media\/970"}],"wp:attachment":[{"href":"https:\/\/www.ramba-zamba-schaumburg.de\/kids\/wp-json\/wp\/v2\/media?parent=60"}],"wp:term":[{"taxonomy":"category","embeddable":true,"href":"https:\/\/www.ramba-zamba-schaumburg.de\/kids\/wp-json\/wp\/v2\/categories?post=60"},{"taxonomy":"post_tag","embeddable":true,"href":"https:\/\/www.ramba-zamba-schaumburg.de\/kids\/wp-json\/wp\/v2\/tags?post=60"}],"curies":[{"name":"wp","href":"https:\/\/api.w.org\/{rel}","templated":true}]}}